{"id":116,"date":"2017-10-05T10:44:02","date_gmt":"2017-10-05T08:44:02","guid":{"rendered":"https:\/\/www.alsys-group.com\/?page_id=116"},"modified":"2022-06-08T16:03:21","modified_gmt":"2022-06-08T14:03:21","slug":"historique","status":"publish","type":"page","link":"https:\/\/www.alsys-group.com\/fr\/groupe\/historique\/","title":{"rendered":"Historique"},"content":{"rendered":"<p>Historique<\/p>\n<h2>Int\u00e9grer en continu de nouvelles comp\u00e9tences<\/h2>\n<p>De mani\u00e8re historique, la cr\u00e9ation du groupe ALSYS est <strong>le r\u00e9sultat de plus de 30 ans de croissance organique et de d\u00e9veloppement \u00e0 l\u2019international<\/strong> par l\u2019acquisition ou la cr\u00e9ation de filiales dans des zones strat\u00e9giques.<\/p>\n<p>Cette d\u00e9marche volontariste d\u2019int\u00e9grer sans cesse de nouvelles comp\u00e9tences et de nouvelles expertises permet au\u00a0\u00a0groupe de proposer \u00e0 ses clients <strong>une offre toujours plus compl\u00e8te et une cha\u00eene de valeur d\u00e9sormais totalement int\u00e9gr\u00e9e.<\/strong><\/p>\n","protected":false},"excerpt":{"rendered":"<p>Historique Int\u00e9grer en continu de nouvelles comp\u00e9tences De mani\u00e8re historique, la cr\u00e9ation du groupe ALSYS est le r\u00e9sultat de plus de 30 ans de croissance organique et de d\u00e9veloppement \u00e0 l\u2019international par l\u2019acquisition ou la cr\u00e9ation de filiales dans des zones strat\u00e9giques. Cette d\u00e9marche volontariste d\u2019int\u00e9grer sans cesse de nouvelles comp\u00e9tences et de nouvelles expertises [&hellip;]<\/p>\n","protected":false},"author":10,"featured_media":2963,"parent":2793,"menu_order":0,"comment_status":"closed","ping_status":"closed","template":"","meta":[],"acf":[],"taxonomies":[],"_links":{"self":[{"href":"https:\/\/www.alsys-group.com\/fr\/wp-json\/wp\/v2\/pages\/116"}],"collection":[{"href":"https:\/\/www.alsys-group.com\/fr\/wp-json\/wp\/v2\/pages"}],"about":[{"href":"https:\/\/www.alsys-group.com\/fr\/wp-json\/wp\/v2\/types\/page"}],"author":[{"embeddable":true,"href":"https:\/\/www.alsys-group.com\/fr\/wp-json\/wp\/v2\/users\/10"}],"replies":[{"embeddable":true,"href":"https:\/\/www.alsys-group.com\/fr\/wp-json\/wp\/v2\/comments?post=116"}],"version-history":[{"count":32,"href":"https:\/\/www.alsys-group.com\/fr\/wp-json\/wp\/v2\/pages\/116\/revisions"}],"predecessor-version":[{"id":9411,"href":"https:\/\/www.alsys-group.com\/fr\/wp-json\/wp\/v2\/pages\/116\/revisions\/9411"}],"up":[{"embeddable":true,"href":"https:\/\/www.alsys-group.com\/fr\/wp-json\/wp\/v2\/pages\/2793"}],"wp:featuredmedia":[{"embeddable":true,"href":"https:\/\/www.alsys-group.com\/fr\/wp-json\/wp\/v2\/media\/2963"}],"wp:attachment":[{"href":"https:\/\/www.alsys-group.com\/fr\/wp-json\/wp\/v2\/media?parent=116"}],"curies":[{"name":"wp","href":"https:\/\/api.w.org\/{rel}","templated":true}]}}