{"id":1327,"date":"2017-12-18T11:13:16","date_gmt":"2017-12-18T10:13:16","guid":{"rendered":"https:\/\/www.alsys-group.com\/?page_id=1327\/"},"modified":"2022-07-13T15:19:24","modified_gmt":"2022-07-13T13:19:24","slug":"petrole-et-gas","status":"publish","type":"page","link":"https:\/\/www.alsys-group.com\/fr\/marches\/petrole-et-gas\/","title":{"rendered":"P\u00e9trole et Gaz"},"content":{"rendered":"<h2>P\u00e9trole et Gaz&nbsp;: des solutions innovantes et performantes pour faciliter leur exploitation<\/h2>\n<p>&nbsp;<\/p>\n<p>Les solutions d\u2019ALSYS visent \u00e0 am\u00e9liorer les performances, lors de la production et la transformation du p\u00e9trole et du gaz.<\/p>\n<p>Elles contribuent, notamment, \u00e0&nbsp;:<\/p>\n<ul>\n<li>Premi\u00e8rement, optimiser l&rsquo;utilisation de l&rsquo;eau,<\/li>\n<li>Deuxi\u00e8mement, recycler des effluents,<\/li>\n<li>Et aussi, l\u2019efficacit\u00e9 des catalyseurs et des formulations chimiques utilis\u00e9s dans l\u2019extraction p\u00e9troli\u00e8re et le raffinage.<\/li>\n<\/ul>\n<p>&nbsp;<\/p>\n<h3>Recyclage de l\u2019eau dans l\u2019industrie du p\u00e9trole et du gaz<\/h3>\n<p>Les produits ALSYS am\u00e9liorent le traitement des eaux utilis\u00e9es, que ce soit dans un cadre conventionnel de la production de p\u00e9trole et de gaz (onshore ou offshore) ou non conventionnel (r\u00e9cup\u00e9ration assist\u00e9e, fracturation hydraulique, \u2026).<\/p>\n<p>Les solutions ALSYS participent \u00e9galement au traitement des lagunes de r\u00e9sidus provenant de l\u2019exploitation des sables bitumineux, ou encore, du traitement des eaux sal\u00e9es dans les raffineries (dessaleur).<\/p>\n<p>&nbsp;<\/p>\n<h3>R\u00e9cup\u00e9ration assist\u00e9e et fracturation hydraulique du p\u00e9trole et du gaz<\/h3>\n<p>ALSYS offre des \u00e9quipements d\u2019injection de formulations chimiques (polym\u00e8res) am\u00e9liorant la performance d\u2019extraction de l&rsquo;un et de l&rsquo;autre.<\/p>\n<p>&nbsp;<\/p>\n<h3>Supports de catalyseurs dans l\u2019industrie du raffinage<\/h3>\n<p>ALSYS propose des solutions pour maintenir un niveau d&rsquo;activit\u00e9 \u00e9lev\u00e9 des r\u00e9acteurs catalytiques. Notamment gr\u00e2ce \u00e0 l&rsquo;utilisation de m\u00e9dias min\u00e9raux \u00ab\u00a0protecteurs\u00a0\u00bb des catalyseurs. Ces m\u00e9dias sont des c\u00e9ramiques poreuses capables de pi\u00e9ger les particules et certains m\u00e9taux prot\u00e9geant ainsi le catalyseur d&rsquo;un empoisonnement irr\u00e9versible. Les b\u00e9n\u00e9fices imm\u00e9diats sont&nbsp;:<\/p>\n<ul>\n<li>maintien de l&rsquo;activit\u00e9 dans le temps plus important<\/li>\n<li>une durabilit\u00e9 plus \u00e9lev\u00e9e du catalyseur<\/li>\n<li>une r\u00e9duction des co\u00fbts op\u00e9ratoires<\/li>\n<\/ul>\n<p>&nbsp;<\/p>\n<p>Dans le m\u00eame esprit ALSYS propose diff\u00e9rents mat\u00e9riaux \u00e0 base d&rsquo;oxydes de zinc dont la nature chimique et la morphologie sont adapt\u00e9es pour une captation du soufre (H<sub>2<\/sub>S) optimale par exemple dans les op\u00e9rations d&rsquo;hydrotraitement.<\/p>\n<p><img decoding=\"async\" loading=\"lazy\" class=\"alignnone wp-image-2832 size-full\" src=\"https:\/\/www.alsys-group.com\/app\/uploads\/2017\/12\/schemas-oilgas-pour-le-web-3.jpg\" alt=\"P\u00e9trole et Gaz\" width=\"1280\" height=\"720\" srcset=\"https:\/\/www.alsys-group.com\/app\/uploads\/2017\/12\/schemas-oilgas-pour-le-web-3.jpg 1280w, https:\/\/www.alsys-group.com\/app\/uploads\/2017\/12\/schemas-oilgas-pour-le-web-3-300x169.jpg 300w, https:\/\/www.alsys-group.com\/app\/uploads\/2017\/12\/schemas-oilgas-pour-le-web-3-768x432.jpg 768w, https:\/\/www.alsys-group.com\/app\/uploads\/2017\/12\/schemas-oilgas-pour-le-web-3-1024x576.jpg 1024w\" sizes=\"(max-width: 1280px) 100vw, 1280px\" \/><\/p>\n<p>&nbsp;<\/p>\n","protected":false},"excerpt":{"rendered":"<p>P\u00e9trole et Gaz&nbsp;: des solutions innovantes et performantes pour faciliter leur exploitation &nbsp; Les solutions d\u2019ALSYS visent \u00e0 am\u00e9liorer les performances, lors de la production et la transformation du p\u00e9trole et du gaz. Elles contribuent, notamment, \u00e0&nbsp;: Premi\u00e8rement, optimiser l&rsquo;utilisation de l&rsquo;eau, Deuxi\u00e8mement, recycler des effluents, Et aussi, l\u2019efficacit\u00e9 des catalyseurs et des formulations chimiques [&hellip;]<\/p>\n","protected":false},"author":4,"featured_media":2991,"parent":2797,"menu_order":0,"comment_status":"closed","ping_status":"closed","template":"","meta":[],"acf":[],"taxonomies":[],"_links":{"self":[{"href":"https:\/\/www.alsys-group.com\/fr\/wp-json\/wp\/v2\/pages\/1327"}],"collection":[{"href":"https:\/\/www.alsys-group.com\/fr\/wp-json\/wp\/v2\/pages"}],"about":[{"href":"https:\/\/www.alsys-group.com\/fr\/wp-json\/wp\/v2\/types\/page"}],"author":[{"embeddable":true,"href":"https:\/\/www.alsys-group.com\/fr\/wp-json\/wp\/v2\/users\/4"}],"replies":[{"embeddable":true,"href":"https:\/\/www.alsys-group.com\/fr\/wp-json\/wp\/v2\/comments?post=1327"}],"version-history":[{"count":8,"href":"https:\/\/www.alsys-group.com\/fr\/wp-json\/wp\/v2\/pages\/1327\/revisions"}],"predecessor-version":[{"id":9597,"href":"https:\/\/www.alsys-group.com\/fr\/wp-json\/wp\/v2\/pages\/1327\/revisions\/9597"}],"up":[{"embeddable":true,"href":"https:\/\/www.alsys-group.com\/fr\/wp-json\/wp\/v2\/pages\/2797"}],"wp:featuredmedia":[{"embeddable":true,"href":"https:\/\/www.alsys-group.com\/fr\/wp-json\/wp\/v2\/media\/2991"}],"wp:attachment":[{"href":"https:\/\/www.alsys-group.com\/fr\/wp-json\/wp\/v2\/media?parent=1327"}],"curies":[{"name":"wp","href":"https:\/\/api.w.org\/{rel}","templated":true}]}}