{"id":1336,"date":"2017-12-18T13:55:40","date_gmt":"2017-12-18T12:55:40","guid":{"rendered":"https:\/\/www.alsys-group.com\/?page_id=1336\/"},"modified":"2022-06-08T16:09:13","modified_gmt":"2022-06-08T14:09:13","slug":"controle-des-emissions-de-gaz","status":"publish","type":"page","link":"https:\/\/www.alsys-group.com\/fr\/marches\/controle-des-emissions-de-gaz\/","title":{"rendered":"Contr\u00f4le des \u00e9missions de gaz"},"content":{"rendered":"<h2>Contr\u00f4le des \u00e9missions de gaz\u00a0: La catalyse une r\u00e9ponse fiable et \u00e9prouv\u00e9e\u00a0<\/h2>\n<p>Pour les industriels, le contr\u00f4le des \u00e9missions de gaz est certainement aujourd\u2019hui un enjeu majeur. En effet, des contraintes environnementales, sanitaires et soci\u00e9tales se sont impos\u00e9es ces derni\u00e8res ann\u00e9es.<\/p>\n<p>Face \u00e0 ces d\u00e9fis, ALSYS a d\u00e9velopp\u00e9 des technologies. Elles permettent d\u00e9sormais d\u2019anticiper des r\u00e9glementations toujours plus strictes. D&rsquo;ailleurs ALSYS accompagne ses clients et partenaires en apportant son expertise. L\u00e0 o\u00f9 le choix des produits, des mat\u00e9riaux, du design, ou des proc\u00e9d\u00e9s est aussi important.<\/p>\n<h2><a href=\"https:\/\/www.alsys-group.com\/app\/uploads\/2019\/09\/scr-incineration.pdf\">Traitement des Nox par voie catalytique &#8211; Proc\u00e9d\u00e9 SCR<\/a><\/h2>\n<p>D&rsquo;abord le <strong>proc\u00e9d\u00e9 DeNOx SCR<\/strong> (Selective Catalytic Reduction) permet la r\u00e9duction des oxydes d\u2019azote par injection d\u2019un r\u00e9actif. Puis le passage dans un catalyseur augmente l\u2019efficacit\u00e9 de la r\u00e9action et baisse la temp\u00e9rature de fonctionnement. Il s\u2019applique dor\u00e9navant \u00e0 toute installation (four, chaudi\u00e8re, proc\u00e9d\u00e9, etc.). Il peut \u00eatre \u00e9galement coupl\u00e9 \u00e0 un proc\u00e9d\u00e9 non catalytique de type SNCR (Selective Non-Catalytic Reduction).<\/p>\n<p><strong>Ses avantages&nbsp;:<\/strong><\/p>\n<ul>\n<li>Conception sur mesure<\/li>\n<li>Performances \u00e9lev\u00e9es et stables<\/li>\n<li>Consommation de r\u00e9actif limit\u00e9e<\/li>\n<li>Abattement simultan\u00e9 des NOx et Dioxines<\/li>\n<li>Possibilit\u00e9 de r\u00e9aliser un proc\u00e9d\u00e9 mixte SNCR\/SCR<\/li>\n<\/ul>\n<p><strong>L\u2019offre comprend&nbsp;:<\/strong><\/p>\n<ul>\n<li>Etudes et ing\u00e9nierie sur des installations neuves ou en re-vamping<\/li>\n<li>La construction d\u2019unit\u00e9s SCR compl\u00e8tes<\/li>\n<li>La mise en place de proc\u00e9d\u00e9s mixtes SNCR\/SCR<\/li>\n<li>Le suivi et l\u2019optimisation de performances sur des installations existantes<\/li>\n<\/ul>\n<p>&nbsp;<\/p>\n<h2><a href=\"https:\/\/www.alsys-group.com\/app\/uploads\/2019\/09\/scr-chimie.pdf\">Traitement catalytique des fum\u00e9es industrielles<\/a><\/h2>\n<p>Le <strong>proc\u00e9d\u00e9 catalytique<\/strong> permet d&rsquo;ailleurs l\u2019\u00e9limination des compos\u00e9s par passage de l\u2019effluent \u00e0 travers un catalyseur (pr\u00e9sent sous la forme d\u2019un lit de pellets ou de monolithes). Le catalyseur active la d\u00e9composition des polluants \u00e0 basse temp\u00e9rature et permet d\u2019atteindre des niveaux d\u2019abattement \u00e9lev\u00e9s et durables.<\/p>\n<p><strong>Ses avantages&nbsp;:<\/strong><\/p>\n<ul>\n<li>Conception sur mesure en fonction de l\u2019installation \u00e0 traiter<\/li>\n<li>Performances \u00e9lev\u00e9es et stables<\/li>\n<li>Pas de formation d\u2019effluents secondaires devant \u00eatre retrait\u00e9s<\/li>\n<li>Possibilit\u00e9 de traiter un grand nombre de polluants (COV, NOX, N2O, dioxines, odeurs,&#8230;)<\/li>\n<\/ul>\n<p>&nbsp;<\/p>\n<p><strong>L\u2019offre comprend&nbsp;:<\/strong><\/p>\n<ul>\n<li>Les \u00e9tudes et ing\u00e9nierie sur des installations neuves ou en revamping<\/li>\n<li>La construction d\u2019unit\u00e9s compl\u00e8tes<\/li>\n<li>L\u2019optimisation et le suivi de performance sur des installations existantes<\/li>\n<li>Les mesures et tests pilotes sur site<\/li>\n<\/ul>\n","protected":false},"excerpt":{"rendered":"<p>Contr\u00f4le des \u00e9missions de gaz\u00a0: La catalyse une r\u00e9ponse fiable et \u00e9prouv\u00e9e\u00a0 Pour les industriels, le contr\u00f4le des \u00e9missions de gaz est certainement aujourd\u2019hui un enjeu majeur. En effet, des contraintes environnementales, sanitaires et soci\u00e9tales se sont impos\u00e9es ces derni\u00e8res ann\u00e9es. Face \u00e0 ces d\u00e9fis, ALSYS a d\u00e9velopp\u00e9 des technologies. Elles permettent d\u00e9sormais d\u2019anticiper des [&hellip;]<\/p>\n","protected":false},"author":4,"featured_media":2943,"parent":2797,"menu_order":0,"comment_status":"closed","ping_status":"closed","template":"","meta":[],"acf":[],"taxonomies":[],"_links":{"self":[{"href":"https:\/\/www.alsys-group.com\/fr\/wp-json\/wp\/v2\/pages\/1336"}],"collection":[{"href":"https:\/\/www.alsys-group.com\/fr\/wp-json\/wp\/v2\/pages"}],"about":[{"href":"https:\/\/www.alsys-group.com\/fr\/wp-json\/wp\/v2\/types\/page"}],"author":[{"embeddable":true,"href":"https:\/\/www.alsys-group.com\/fr\/wp-json\/wp\/v2\/users\/4"}],"replies":[{"embeddable":true,"href":"https:\/\/www.alsys-group.com\/fr\/wp-json\/wp\/v2\/comments?post=1336"}],"version-history":[{"count":43,"href":"https:\/\/www.alsys-group.com\/fr\/wp-json\/wp\/v2\/pages\/1336\/revisions"}],"predecessor-version":[{"id":9412,"href":"https:\/\/www.alsys-group.com\/fr\/wp-json\/wp\/v2\/pages\/1336\/revisions\/9412"}],"up":[{"embeddable":true,"href":"https:\/\/www.alsys-group.com\/fr\/wp-json\/wp\/v2\/pages\/2797"}],"wp:featuredmedia":[{"embeddable":true,"href":"https:\/\/www.alsys-group.com\/fr\/wp-json\/wp\/v2\/media\/2943"}],"wp:attachment":[{"href":"https:\/\/www.alsys-group.com\/fr\/wp-json\/wp\/v2\/media?parent=1336"}],"curies":[{"name":"wp","href":"https:\/\/api.w.org\/{rel}","templated":true}]}}