{"id":1459,"date":"2018-01-12T15:18:24","date_gmt":"2018-01-12T14:18:24","guid":{"rendered":"https:\/\/www.alsys-group.com\/?page_id=1459\/"},"modified":"2022-07-13T15:47:12","modified_gmt":"2022-07-13T13:47:12","slug":"traitement-nox","status":"publish","type":"page","link":"https:\/\/www.alsys-group.com\/fr\/produits\/gaz-et-catalyse\/traitement-nox\/","title":{"rendered":"Traitement NOx"},"content":{"rendered":"<h2>Traitement NOx<\/h2>\n<p>Des solutions innovantes et une expertise unique pour le traitement des \u00e9missions d\u2019oxydes d\u2019azote (NOx)<\/p>\n<p>En mati\u00e8re d\u2019\u00e9missions d\u2019oxydes d\u2019azote (NO, NO<sub>2<\/sub>, N<sub>2<\/sub>O), les industriels sont aujourd\u2019hui confront\u00e9s \u00e0 des normes r\u00e9glementaires et directives toujours plus contraignantes.<\/p>\n<p>Parmi les proc\u00e9d\u00e9s d&rsquo;abattement des oxydes d&rsquo;azote (NOx), la solution catalytique (dite SCR) offre des niveaux de performance \u00e9lev\u00e9s align\u00e9s sur les normes les plus s\u00e9v\u00e8res.<\/p>\n<p>Gr\u00e2ce \u00e0 son statut d\u2019expert dans l&rsquo;\u00e9laboration de catalyseurs min\u00e9raux pour le traitement des oxydes d\u2019azote, ALSYS propose, pour les exploitants d\u2019unit\u00e9s industrielles (unit\u00e9s d\u2019incin\u00e9ration d\u2019ordures m\u00e9nag\u00e8res, unit\u00e9s verri\u00e8res, cimenterie, centrales thermiques, proc\u00e9d\u00e9s d\u2019incin\u00e9ration&#8230;) une offre globale de services.\u00a0<\/p>\n","protected":false},"excerpt":{"rendered":"<p>Traitement NOx Des solutions innovantes et une expertise unique pour le traitement des \u00e9missions d\u2019oxydes d\u2019azote (NOx) En mati\u00e8re d\u2019\u00e9missions d\u2019oxydes d\u2019azote (NO, NO2, N2O), les industriels sont aujourd\u2019hui confront\u00e9s \u00e0 des normes r\u00e9glementaires et directives toujours plus contraignantes. Parmi les proc\u00e9d\u00e9s d&rsquo;abattement des oxydes d&rsquo;azote (NOx), la solution catalytique (dite SCR) offre des niveaux [&hellip;]<\/p>\n","protected":false},"author":4,"featured_media":3007,"parent":1471,"menu_order":0,"comment_status":"closed","ping_status":"closed","template":"","meta":[],"acf":[],"taxonomies":[],"_links":{"self":[{"href":"https:\/\/www.alsys-group.com\/fr\/wp-json\/wp\/v2\/pages\/1459"}],"collection":[{"href":"https:\/\/www.alsys-group.com\/fr\/wp-json\/wp\/v2\/pages"}],"about":[{"href":"https:\/\/www.alsys-group.com\/fr\/wp-json\/wp\/v2\/types\/page"}],"author":[{"embeddable":true,"href":"https:\/\/www.alsys-group.com\/fr\/wp-json\/wp\/v2\/users\/4"}],"replies":[{"embeddable":true,"href":"https:\/\/www.alsys-group.com\/fr\/wp-json\/wp\/v2\/comments?post=1459"}],"version-history":[{"count":10,"href":"https:\/\/www.alsys-group.com\/fr\/wp-json\/wp\/v2\/pages\/1459\/revisions"}],"predecessor-version":[{"id":9600,"href":"https:\/\/www.alsys-group.com\/fr\/wp-json\/wp\/v2\/pages\/1459\/revisions\/9600"}],"up":[{"embeddable":true,"href":"https:\/\/www.alsys-group.com\/fr\/wp-json\/wp\/v2\/pages\/1471"}],"wp:featuredmedia":[{"embeddable":true,"href":"https:\/\/www.alsys-group.com\/fr\/wp-json\/wp\/v2\/media\/3007"}],"wp:attachment":[{"href":"https:\/\/www.alsys-group.com\/fr\/wp-json\/wp\/v2\/media?parent=1459"}],"curies":[{"name":"wp","href":"https:\/\/api.w.org\/{rel}","templated":true}]}}