{"id":1485,"date":"2018-01-12T15:49:12","date_gmt":"2018-01-12T14:49:12","guid":{"rendered":"https:\/\/www.alsys-group.com\/?page_id=1485\/"},"modified":"2022-06-07T16:20:22","modified_gmt":"2022-06-07T14:20:22","slug":"procedes-catalytiques-energie","status":"publish","type":"page","link":"https:\/\/www.alsys-group.com\/fr\/produits\/gaz-et-catalyse\/procedes-catalytiques-energie\/","title":{"rendered":"Proc\u00e9d\u00e9s Catalytiques &#038; Energie"},"content":{"rendered":"<h2>Proc\u00e9d\u00e9s Catalytiques &amp; Energie&nbsp;: Des r\u00e9ponses \u00e9cologiques pour la production d\u2019hydrog\u00e8ne et de m\u00e9thane<\/h2>\n<p>La production d\u2019hydrog\u00e8ne et de m\u00e9thane est aujourd\u2019hui un enjeu soci\u00e9tal majeur. Pr\u00e9sentant l\u2019avantage d\u2019\u00eatre stockable, ces deux compos\u00e9s se substituent. En effet, ils se substituent aux e\u0301nergies fossiles dans des domaines comme <strong>le transport ou le chauffage<\/strong>. Pour \u00eatre durable, cette production s\u2019effectue sans g\u00e9n\u00e9rer de gaz \u00e0 effet de serre.<\/p>\n<p>Fort de son expertise dans ce domaine, ALSYS propose des solutions catalytiques de production d\u2019hydrog\u00e8ne <strong>\u00e0 partir d\u2019hydrocarbures et\/ou d\u2019alcools<\/strong>. Les proc\u00e9d\u00e9s utilis\u00e9s sont le reformage ou la r\u00e9action de gaz \u00e0 l\u2019eau (en anglais Water Gas Shift Reaction). ALSYS offre une gamme large de catalyseurs sous diff\u00e9rentes formes (nids d\u2019abeille, extrud\u00e9s, pellets\u2026)<\/p>\n<p>ALSYS d\u00e9veloppe \u00e9galement des technologies innovantes pour la production de <strong>\u00ab\u00a0M\u00e9thane Vert\u00a0\u00bb<\/strong>. La d\u00e9composition de la biomasse g\u00e9n\u00e8re des sous-produits de type CO et CO<sub>2<\/sub> respectivement toxiques et probl\u00e9matiques sur un plan environnemental (Gaz \u00e0 effet de serre). Gr\u00e2ce \u00e0 un proc\u00e9d\u00e9 et un catalyseur innovant, ALSYS transforme ces gaz ind\u00e9sirables en \u00ab\u00a0M\u00e9thane propre\u00a0\u00bb qui peut \u00eatre valoris\u00e9 dans le <strong>r\u00e9seau \u00e9nerg\u00e9tique<\/strong>.<\/p>\n","protected":false},"excerpt":{"rendered":"<p>Proc\u00e9d\u00e9s Catalytiques &amp; Energie&nbsp;: Des r\u00e9ponses \u00e9cologiques pour la production d\u2019hydrog\u00e8ne et de m\u00e9thane La production d\u2019hydrog\u00e8ne et de m\u00e9thane est aujourd\u2019hui un enjeu soci\u00e9tal majeur. Pr\u00e9sentant l\u2019avantage d\u2019\u00eatre stockable, ces deux compos\u00e9s se substituent. En effet, ils se substituent aux e\u0301nergies fossiles dans des domaines comme le transport ou le chauffage. Pour \u00eatre durable, [&hellip;]<\/p>\n","protected":false},"author":4,"featured_media":2947,"parent":1471,"menu_order":0,"comment_status":"closed","ping_status":"closed","template":"","meta":[],"acf":[],"taxonomies":[],"_links":{"self":[{"href":"https:\/\/www.alsys-group.com\/fr\/wp-json\/wp\/v2\/pages\/1485"}],"collection":[{"href":"https:\/\/www.alsys-group.com\/fr\/wp-json\/wp\/v2\/pages"}],"about":[{"href":"https:\/\/www.alsys-group.com\/fr\/wp-json\/wp\/v2\/types\/page"}],"author":[{"embeddable":true,"href":"https:\/\/www.alsys-group.com\/fr\/wp-json\/wp\/v2\/users\/4"}],"replies":[{"embeddable":true,"href":"https:\/\/www.alsys-group.com\/fr\/wp-json\/wp\/v2\/comments?post=1485"}],"version-history":[{"count":6,"href":"https:\/\/www.alsys-group.com\/fr\/wp-json\/wp\/v2\/pages\/1485\/revisions"}],"predecessor-version":[{"id":9362,"href":"https:\/\/www.alsys-group.com\/fr\/wp-json\/wp\/v2\/pages\/1485\/revisions\/9362"}],"up":[{"embeddable":true,"href":"https:\/\/www.alsys-group.com\/fr\/wp-json\/wp\/v2\/pages\/1471"}],"wp:featuredmedia":[{"embeddable":true,"href":"https:\/\/www.alsys-group.com\/fr\/wp-json\/wp\/v2\/media\/2947"}],"wp:attachment":[{"href":"https:\/\/www.alsys-group.com\/fr\/wp-json\/wp\/v2\/media?parent=1485"}],"curies":[{"name":"wp","href":"https:\/\/api.w.org\/{rel}","templated":true}]}}