{"id":1562,"date":"2019-09-18T15:30:29","date_gmt":"2019-09-18T13:30:29","guid":{"rendered":"https:\/\/www.alsys-group.com\/?page_id=1562\/"},"modified":"2022-06-08T13:42:34","modified_gmt":"2022-06-08T11:42:34","slug":"materiaux-de-specialites","status":"publish","type":"page","link":"https:\/\/www.alsys-group.com\/fr\/groupe\/business-divisions\/materiaux-de-specialites\/","title":{"rendered":"Division Mat\u00e9riaux de Sp\u00e9cialit\u00e9s"},"content":{"rendered":"<p>Mat\u00e9riaux de Sp\u00e9cialit\u00e9s, la division d\u2019ALSYS sp\u00e9cialis\u00e9e dans les min\u00e9raux fonctionnels<\/p>\n<h2>Mat\u00e9riaux de Sp\u00e9cialit\u00e9s\u00a0: Des min\u00e9raux fonctionnels pour des applications sp\u00e9cifiques<\/h2>\n<p>ALSYS fabrique des pi\u00e8ces c\u00e9ramiques de pointe. Issues de cette expertise, ALSYS propose des <a href=\"https:\/\/www.alsys-group.com\/fr\/produits\/produits-materiaux-de-specialites\/filtres-de-metaux-fusion\/\">filtres pour les m\u00e9taux en fusion<\/a>, la garantie d\u2019un m\u00e9tal sans d\u00e9faut. Ou encore des <a href=\"https:\/\/www.alsys-group.com\/fr\/produits\/produits-materiaux-de-specialites\/briques-refractaires\/\">briques r\u00e9fractaires<\/a> pour les fours industriels, leur principale caract\u00e9ristique est leur r\u00e9sistance \u00e0 la chaleur.<\/p>\n<p>L\u2019entreprise continue de d\u00e9velopper son portefeuille de <strong>mat\u00e9riaux de sp\u00e9cialit\u00e9<\/strong>. La division propose des min\u00e9raux aux <a href=\"https:\/\/www.alsys-group.com\/fr\/produits\/produits-materiaux-de-specialites\/solutions-antimicrobiennes\/\">propri\u00e9t\u00e9s anti-microbiennes<\/a>. Ils sont utilis\u00e9s dans une large gamme d&rsquo;applications telles que la nutrition animale, la protection des cultures, les peintures antifouling&#8230;<\/p>\n<p><img decoding=\"async\" loading=\"lazy\" class=\"aligncenter wp-image-4420 size-full\" src=\"https:\/\/www.alsys-group.com\/app\/uploads\/2019\/10\/d-division-materiaux-de-specialites.png\" alt=\"Division Mat\u00e9riaux de Sp\u00e9cialit\u00e9s\" width=\"1587\" height=\"605\" srcset=\"https:\/\/www.alsys-group.com\/app\/uploads\/2019\/10\/d-division-materiaux-de-specialites.png 1587w, https:\/\/www.alsys-group.com\/app\/uploads\/2019\/10\/d-division-materiaux-de-specialites-300x114.png 300w, https:\/\/www.alsys-group.com\/app\/uploads\/2019\/10\/d-division-materiaux-de-specialites-768x293.png 768w, https:\/\/www.alsys-group.com\/app\/uploads\/2019\/10\/d-division-materiaux-de-specialites-1024x390.png 1024w\" sizes=\"(max-width: 1587px) 100vw, 1587px\" \/><\/p>\n","protected":false},"excerpt":{"rendered":"<p>Mat\u00e9riaux de Sp\u00e9cialit\u00e9s, la division d\u2019ALSYS sp\u00e9cialis\u00e9e dans les min\u00e9raux fonctionnels Mat\u00e9riaux de Sp\u00e9cialit\u00e9s\u00a0: Des min\u00e9raux fonctionnels pour des applications sp\u00e9cifiques ALSYS fabrique des pi\u00e8ces c\u00e9ramiques de pointe. Issues de cette expertise, ALSYS propose des filtres pour les m\u00e9taux en fusion, la garantie d\u2019un m\u00e9tal sans d\u00e9faut. Ou encore des briques r\u00e9fractaires pour les fours [&hellip;]<\/p>\n","protected":false},"author":4,"featured_media":2975,"parent":107,"menu_order":0,"comment_status":"closed","ping_status":"closed","template":"","meta":[],"acf":[],"taxonomies":[],"_links":{"self":[{"href":"https:\/\/www.alsys-group.com\/fr\/wp-json\/wp\/v2\/pages\/1562"}],"collection":[{"href":"https:\/\/www.alsys-group.com\/fr\/wp-json\/wp\/v2\/pages"}],"about":[{"href":"https:\/\/www.alsys-group.com\/fr\/wp-json\/wp\/v2\/types\/page"}],"author":[{"embeddable":true,"href":"https:\/\/www.alsys-group.com\/fr\/wp-json\/wp\/v2\/users\/4"}],"replies":[{"embeddable":true,"href":"https:\/\/www.alsys-group.com\/fr\/wp-json\/wp\/v2\/comments?post=1562"}],"version-history":[{"count":8,"href":"https:\/\/www.alsys-group.com\/fr\/wp-json\/wp\/v2\/pages\/1562\/revisions"}],"predecessor-version":[{"id":9396,"href":"https:\/\/www.alsys-group.com\/fr\/wp-json\/wp\/v2\/pages\/1562\/revisions\/9396"}],"up":[{"embeddable":true,"href":"https:\/\/www.alsys-group.com\/fr\/wp-json\/wp\/v2\/pages\/107"}],"wp:featuredmedia":[{"embeddable":true,"href":"https:\/\/www.alsys-group.com\/fr\/wp-json\/wp\/v2\/media\/2975"}],"wp:attachment":[{"href":"https:\/\/www.alsys-group.com\/fr\/wp-json\/wp\/v2\/media?parent=1562"}],"curies":[{"name":"wp","href":"https:\/\/api.w.org\/{rel}","templated":true}]}}