{"id":1960,"date":"2018-01-30T16:18:06","date_gmt":"2018-01-30T15:18:06","guid":{"rendered":"https:\/\/www.alsys-group.com\/?page_id=1960\/"},"modified":"2022-06-08T17:11:48","modified_gmt":"2022-06-08T15:11:48","slug":"unites-de-traitement-eaux-eaux-usees-eaux-de-procedes","status":"publish","type":"page","link":"https:\/\/www.alsys-group.com\/fr\/produits\/produits-eau-et-membranes\/unites-de-traitement-eaux-eaux-usees-eaux-de-procedes\/","title":{"rendered":"Unit\u00e9s de traitement des eaux, eaux us\u00e9es et eaux de proc\u00e9d\u00e9s"},"content":{"rendered":"<h2>Unit\u00e9s de traitement des eaux, eaux us\u00e9es et eaux de proc\u00e9d\u00e9s&nbsp;: L&rsquo;ing\u00e9nierie au service de solutions cl\u00e9 en main<\/h2>\n<p>ALSYS propose des solutions d\u2019installations de traitement pr\u00eates \u00e0 l&#8217;emploi, adapt\u00e9es aux besoins particuliers des sites et des effluents \u00e0 traiter&nbsp;: Unit\u00e9s de traitement des eaux, eaux us\u00e9es et eaux de proc\u00e9d\u00e9s.<\/p>\n<p>Les stations de traitement ALSYS peuvent \u00eatre facilement transport\u00e9es, install\u00e9es et adapt\u00e9es en fonction des besoins en capacit\u00e9. Et ce, gr\u00e2ce \u00e0 des technologies con\u00e7ues et int\u00e9gr\u00e9es dans des syst\u00e8mes fiables, robustes et s\u00fbrs pour les op\u00e9rateurs. Les effluents sont trait\u00e9s selon des normes environnementales strictes pour un rejet s\u00fbr ou un recyclage et une r\u00e9utilisation efficace. ALSYS b\u00e9n\u00e9ficie d&rsquo;une\u00a0grande exp\u00e9rience sur diff\u00e9rents march\u00e9s et en particulier sur celui du <strong>P\u00e9trole et Gaz<\/strong>.<\/p>\n<p>Pour les besoins sp\u00e9cifiques en eau de process, ALSYS propose une approche personnalis\u00e9e, de l&rsquo;\u00e9valuation des besoins du client jusqu\u2019\u00e0 la conception et la construction de <strong>syst\u00e8mes de traitement de l&rsquo;eau<\/strong>.<\/p>\n<p>&nbsp;<\/p>\n<h3>Caract\u00e9ristiques<\/h3>\n<p><strong>Station de traitement des eaux us\u00e9es portable<\/strong> disponible pour la vente et la location<\/p>\n<p><strong>Une \u00e9quipe d&rsquo;ing\u00e9nieurs exp\u00e9riment\u00e9s<\/strong> pour choisir les technologies les plus adapt\u00e9es au site et s&rsquo;assurer que le syst\u00e8me r\u00e9pond aux exigences de la r\u00e9glementation et des directives relatives \u00e0 l&rsquo;eau potable<\/p>\n<p><strong>Solution personnalis\u00e9e<\/strong> utilisant les meilleures technologies disponibles lors du traitement de l&rsquo;eau, pour une d\u00e9charge ou une r\u00e9utilisation en toute s\u00e9curit\u00e9.<\/p>\n<p>&nbsp;<\/p>\n<h3>Applications<\/h3>\n<ul>\n<li><a href=\"https:\/\/www.alsys-group.com\/fr\/marches\/eau\/\">Recyclage des eaux us\u00e9es, industrielles ou domestiques<\/a><\/li>\n<li><a href=\"https:\/\/www.alsys-group.com\/fr\/marches\/eau\/\">Syst\u00e8mes pour l\u2019eau potable<\/a><\/li>\n<li><a href=\"https:\/\/www.alsys-group.com\/fr\/marches\/eau\/\">Syst\u00e8mes d\u2019assainissement<\/a><\/li>\n<li>Traitement des eaux huileuses<\/li>\n<li><a href=\"https:\/\/www.alsys-group.com\/fr\/marches\/eau\/\">Elimination des m\u00e9taux et des min\u00e9raux<\/a><\/li>\n<li><a href=\"https:\/\/www.alsys-group.com\/fr\/marches\/petrole-gas\/\">Recyclage de l\u2019eau dans l\u2019industrie du p\u00e9trole et du gaz<\/a><\/li>\n<\/ul>\n<p>&nbsp;<\/p>\n<h3>M\u00e9thode de d\u00e9veloppement de projet<\/h3>\n<ul>\n<li>Des \u00e9valuations techniques pour tous les besoins en eau et en eaux us\u00e9es<\/li>\n<li>Ing\u00e9nierie et conception&nbsp;: conception technique d\u00e9taill\u00e9e (dessins de processus et d&rsquo;instrumentation &#8211; P &amp; ID complets, robinetterie, description fonctionnelle du syst\u00e8me, automatisation et contr\u00f4le), revue de mod\u00e8le 3D et tout autre dessin requis<\/li>\n<li>\u00c9tudes de s\u00e9curit\u00e9&nbsp;: HAZID, HAZOP<\/li>\n<li>Acquisition et fabrication compl\u00e8te et assemblage de tous les syst\u00e8mes (y compris instrumentation, vannes, tuyauterie, r\u00e9servoir, m\u00e9canique, \u00e9lectricit\u00e9, programmation, peinture, logo personnalis\u00e9)<\/li>\n<li>Estampillage si besoin<\/li>\n<li>Contr\u00f4le qualit\u00e9 et test<\/li>\n<li>Installation et mise en service<\/li>\n<li>Jeux complets de manuels d&rsquo;utilisation et de formation<\/li>\n<li>Op\u00e9rations (maintenance pr\u00e9ventive &#8230;)<\/li>\n<\/ul>\n<p>&nbsp;<\/p>\n<h3>Principes technologiques et expertise<\/h3>\n<p><strong>Int\u00e9gration de traitements chimiques<\/strong> tels que la chloration, la d\u00e9chloration, la chloramination et la d\u00e9sinfection, la coagulation, les antimousses, la s\u00e9paration des flocons et des solides, le contr\u00f4le des odeurs et de la corrosion, le contr\u00f4le du pH et l&rsquo;ajustement de l&rsquo;alcalinit\u00e9.<\/p>\n<p><strong>Membranes c\u00e9ramiques et polym\u00e9riques<\/strong>, microfiltration, ultrafiltration, nanofiltration, pervaporation, s\u00e9paration de gaz, g\u00e9nie chimique, filtration tangentielle, filtration frontale et int\u00e9gration d&rsquo;\u00e9quipements de proc\u00e9d\u00e9 amont (pr\u00e9-filtres, osmose inverse&#8230;) et aval.<\/p>\n<p>&nbsp;<\/p>\n<h3>Etude de cas&nbsp;:<\/h3>\n<ul>\n<li>Industrie m\u00e9tallurgique (.pdf)&nbsp;: <a href=\"https:\/\/www.alsys-group.com\/app\/uploads\/2021\/04\/alsys-fr0601-industrie-des-metaux-primaires-fiche-produit-v07.19.pdf\">ALSYS &#8211; FR0601 &#8211; INDUSTRIE DES M\u00c9TAUX PRIMAIRES &#8211; Fiche produit &#8211; V07.19<\/a><\/li>\n<\/ul>\n","protected":false},"excerpt":{"rendered":"<p>Unit\u00e9s de traitement des eaux, eaux us\u00e9es et eaux de proc\u00e9d\u00e9s&nbsp;: L&rsquo;ing\u00e9nierie au service de solutions cl\u00e9 en main ALSYS propose des solutions d\u2019installations de traitement pr\u00eates \u00e0 l&#8217;emploi, adapt\u00e9es aux besoins particuliers des sites et des effluents \u00e0 traiter&nbsp;: Unit\u00e9s de traitement des eaux, eaux us\u00e9es et eaux de proc\u00e9d\u00e9s. Les stations de traitement [&hellip;]<\/p>\n","protected":false},"author":4,"featured_media":3011,"parent":2805,"menu_order":0,"comment_status":"closed","ping_status":"closed","template":"","meta":[],"acf":[],"taxonomies":[],"_links":{"self":[{"href":"https:\/\/www.alsys-group.com\/fr\/wp-json\/wp\/v2\/pages\/1960"}],"collection":[{"href":"https:\/\/www.alsys-group.com\/fr\/wp-json\/wp\/v2\/pages"}],"about":[{"href":"https:\/\/www.alsys-group.com\/fr\/wp-json\/wp\/v2\/types\/page"}],"author":[{"embeddable":true,"href":"https:\/\/www.alsys-group.com\/fr\/wp-json\/wp\/v2\/users\/4"}],"replies":[{"embeddable":true,"href":"https:\/\/www.alsys-group.com\/fr\/wp-json\/wp\/v2\/comments?post=1960"}],"version-history":[{"count":9,"href":"https:\/\/www.alsys-group.com\/fr\/wp-json\/wp\/v2\/pages\/1960\/revisions"}],"predecessor-version":[{"id":9424,"href":"https:\/\/www.alsys-group.com\/fr\/wp-json\/wp\/v2\/pages\/1960\/revisions\/9424"}],"up":[{"embeddable":true,"href":"https:\/\/www.alsys-group.com\/fr\/wp-json\/wp\/v2\/pages\/2805"}],"wp:featuredmedia":[{"embeddable":true,"href":"https:\/\/www.alsys-group.com\/fr\/wp-json\/wp\/v2\/media\/3011"}],"wp:attachment":[{"href":"https:\/\/www.alsys-group.com\/fr\/wp-json\/wp\/v2\/media?parent=1960"}],"curies":[{"name":"wp","href":"https:\/\/api.w.org\/{rel}","templated":true}]}}