{"id":2804,"date":"2018-03-16T11:53:50","date_gmt":"2018-03-16T10:53:50","guid":{"rendered":"https:\/\/www.alsys-group.com\/?page_id=2804\/"},"modified":"2022-07-13T16:48:43","modified_gmt":"2022-07-13T14:48:43","slug":"produits","status":"publish","type":"page","link":"https:\/\/www.alsys-group.com\/fr\/produits\/","title":{"rendered":"Produits"},"content":{"rendered":"<h2>Produits<\/h2>\n<ul>\n<li><a href=\"https:\/\/www.alsys-group.com\/fr\/produits\/produits-eau-et-membranes\/\">Eau et Membranes<\/a><\/li>\n<li><a href=\"https:\/\/www.alsys-group.com\/fr\/produits\/gaz-et-catalyse\/\">Gaz et Catalyse<\/a><\/li>\n<li><a href=\"https:\/\/www.alsys-group.com\/fr\/produits\/produits-materiaux-de-specialites\/\">Mat\u00e9riaux de sp\u00e9cialit\u00e9s<\/a><\/li>\n<\/ul>\n","protected":false},"excerpt":{"rendered":"<p>Produits Eau et Membranes Gaz et Catalyse Mat\u00e9riaux de sp\u00e9cialit\u00e9s<\/p>\n","protected":false},"author":4,"featured_media":0,"parent":0,"menu_order":0,"comment_status":"closed","ping_status":"closed","template":"","meta":[],"acf":[],"taxonomies":[],"_links":{"self":[{"href":"https:\/\/www.alsys-group.com\/fr\/wp-json\/wp\/v2\/pages\/2804"}],"collection":[{"href":"https:\/\/www.alsys-group.com\/fr\/wp-json\/wp\/v2\/pages"}],"about":[{"href":"https:\/\/www.alsys-group.com\/fr\/wp-json\/wp\/v2\/types\/page"}],"author":[{"embeddable":true,"href":"https:\/\/www.alsys-group.com\/fr\/wp-json\/wp\/v2\/users\/4"}],"replies":[{"embeddable":true,"href":"https:\/\/www.alsys-group.com\/fr\/wp-json\/wp\/v2\/comments?post=2804"}],"version-history":[{"count":6,"href":"https:\/\/www.alsys-group.com\/fr\/wp-json\/wp\/v2\/pages\/2804\/revisions"}],"predecessor-version":[{"id":9606,"href":"https:\/\/www.alsys-group.com\/fr\/wp-json\/wp\/v2\/pages\/2804\/revisions\/9606"}],"wp:attachment":[{"href":"https:\/\/www.alsys-group.com\/fr\/wp-json\/wp\/v2\/media?parent=2804"}],"curies":[{"name":"wp","href":"https:\/\/api.w.org\/{rel}","templated":true}]}}