{"id":4895,"date":"2022-07-18T15:11:01","date_gmt":"2022-07-18T13:11:01","guid":{"rendered":"https:\/\/www.alsys-group.com\/?page_id=4895"},"modified":"2022-07-19T15:55:06","modified_gmt":"2022-07-19T13:55:06","slug":"alsys-france-orelis-environnement","status":"publish","type":"page","link":"https:\/\/www.alsys-group.com\/fr\/groupe\/localisations-mondiales\/alsys-france-orelis-environnement\/","title":{"rendered":"Alsys FRANCE Orelis Environnement"},"content":{"rendered":"<p>&nbsp;<\/p>\n<h2>Alsys FRANCE Orelis Environnement<\/h2>\n<h3>Alsys FRANCE Orelis Environnement, bas\u00e9e \u00e0 Salindres, rejoint le groupe en 2010. Pr\u00e9c\u00e9demment division de Rh\u00f4ne-Poulenc, de Rhodia puis de Novasep, l\u2019entreprise d\u00e9veloppe depuis plus de 30 ans des technologies haut de gamme de membranes et proc\u00e9d\u00e9s de filtration.<\/h3>\n<p><img decoding=\"async\" loading=\"lazy\" class=\"aligncenter wp-image-4901 size-full\" src=\"https:\/\/www.alsys-group.com\/app\/uploads\/2020\/09\/640-i-orelis.png\" alt=\"Alsys FRANCE Orelis Environnement\" width=\"1587\" height=\"605\" srcset=\"https:\/\/www.alsys-group.com\/app\/uploads\/2020\/09\/640-i-orelis.png 1587w, https:\/\/www.alsys-group.com\/app\/uploads\/2020\/09\/640-i-orelis-300x114.png 300w, https:\/\/www.alsys-group.com\/app\/uploads\/2020\/09\/640-i-orelis-768x293.png 768w, https:\/\/www.alsys-group.com\/app\/uploads\/2020\/09\/640-i-orelis-1024x390.png 1024w\" sizes=\"(max-width: 1587px) 100vw, 1587px\" \/><\/p>\n<h3>Orelis Environnement<\/h3>\n<p>382 Avenue du Moulinas, 30340 Salindres<\/p>\n<p>Tel&nbsp;: 04 66 85 95 36<\/p>\n<p><a href=\"mailto:orelis@alsys-group.com\">orelis@alsys-group.com<\/a><\/p>\n","protected":false},"excerpt":{"rendered":"<p>&nbsp; Alsys FRANCE Orelis Environnement Alsys FRANCE Orelis Environnement, bas\u00e9e \u00e0 Salindres, rejoint le groupe en 2010. Pr\u00e9c\u00e9demment division de Rh\u00f4ne-Poulenc, de Rhodia puis de Novasep, l\u2019entreprise d\u00e9veloppe depuis plus de 30 ans des technologies haut de gamme de membranes et proc\u00e9d\u00e9s de filtration. Orelis Environnement 382 Avenue du Moulinas, 30340 Salindres Tel&nbsp;: 04 66 [&hellip;]<\/p>\n","protected":false},"author":4,"featured_media":4964,"parent":4988,"menu_order":0,"comment_status":"closed","ping_status":"closed","template":"","meta":[],"acf":[],"taxonomies":[],"_links":{"self":[{"href":"https:\/\/www.alsys-group.com\/fr\/wp-json\/wp\/v2\/pages\/4895"}],"collection":[{"href":"https:\/\/www.alsys-group.com\/fr\/wp-json\/wp\/v2\/pages"}],"about":[{"href":"https:\/\/www.alsys-group.com\/fr\/wp-json\/wp\/v2\/types\/page"}],"author":[{"embeddable":true,"href":"https:\/\/www.alsys-group.com\/fr\/wp-json\/wp\/v2\/users\/4"}],"replies":[{"embeddable":true,"href":"https:\/\/www.alsys-group.com\/fr\/wp-json\/wp\/v2\/comments?post=4895"}],"version-history":[{"count":7,"href":"https:\/\/www.alsys-group.com\/fr\/wp-json\/wp\/v2\/pages\/4895\/revisions"}],"predecessor-version":[{"id":9618,"href":"https:\/\/www.alsys-group.com\/fr\/wp-json\/wp\/v2\/pages\/4895\/revisions\/9618"}],"up":[{"embeddable":true,"href":"https:\/\/www.alsys-group.com\/fr\/wp-json\/wp\/v2\/pages\/4988"}],"wp:featuredmedia":[{"embeddable":true,"href":"https:\/\/www.alsys-group.com\/fr\/wp-json\/wp\/v2\/media\/4964"}],"wp:attachment":[{"href":"https:\/\/www.alsys-group.com\/fr\/wp-json\/wp\/v2\/media?parent=4895"}],"curies":[{"name":"wp","href":"https:\/\/api.w.org\/{rel}","templated":true}]}}